{"id":1036,"date":"2022-12-05T17:39:52","date_gmt":"2022-12-05T17:39:52","guid":{"rendered":"http:\/\/concretosdeacuna.com.previewc75.carrierzone.com\/?post_type=product&#038;p=1036"},"modified":"2022-12-05T17:40:16","modified_gmt":"2022-12-05T17:40:16","slug":"pavimento-hidraulico","status":"publish","type":"product","link":"http:\/\/concretosdeacuna.com.previewc75.carrierzone.com\/?product=pavimento-hidraulico","title":{"rendered":"Pavimento Hidraulico"},"content":{"rendered":"<p>El pavimento hidr\u00e1ulico se utiliza ampliamente en la industria de la construcci\u00f3n debido a su rendimiento en t\u00e9rminos de resistencia, producci\u00f3n y durabilidad. Este tipo de concreto se compone de cemento, agua, arena grava y otros componentes todo ello, va a ir de la mano dependiendo del proyecto.<\/p>\n","protected":false},"excerpt":{"rendered":"<p>El pavimento hidr\u00e1ulico se utiliza ampliamente en la industria de la construcci\u00f3n debido a su rendimiento en t\u00e9rminos de resistencia, producci\u00f3n y durabilidad. Este tipo de concreto se compone de cemento, agua, arena grava y otros componentes todo ello, va a ir de la mano dependiendo del proyecto.<\/p>\n","protected":false},"featured_media":1037,"template":"","meta":[],"product_cat":[15,33],"product_tag":[],"aioseo_notices":[],"_links":{"self":[{"href":"http:\/\/concretosdeacuna.com.previewc75.carrierzone.com\/index.php?rest_route=\/wp\/v3\/product\/1036"}],"collection":[{"href":"http:\/\/concretosdeacuna.com.previewc75.carrierzone.com\/index.php?rest_route=\/wp\/v3\/product"}],"about":[{"href":"http:\/\/concretosdeacuna.com.previewc75.carrierzone.com\/index.php?rest_route=\/wp\/v2\/types\/product"}],"wp:featuredmedia":[{"embeddable":true,"href":"http:\/\/concretosdeacuna.com.previewc75.carrierzone.com\/index.php?rest_route=\/wp\/v2\/media\/1037"}],"wp:attachment":[{"href":"http:\/\/concretosdeacuna.com.previewc75.carrierzone.com\/index.php?rest_route=%2Fwp%2Fv2%2Fmedia&parent=1036"}],"wp:term":[{"taxonomy":"product_cat","embeddable":true,"href":"http:\/\/concretosdeacuna.com.previewc75.carrierzone.com\/index.php?rest_route=%2Fwp%2Fv2%2Fproduct_cat&post=1036"},{"taxonomy":"product_tag","embeddable":true,"href":"http:\/\/concretosdeacuna.com.previewc75.carrierzone.com\/index.php?rest_route=%2Fwp%2Fv2%2Fproduct_tag&post=1036"}],"curies":[{"name":"wp","href":"https:\/\/api.w.org\/{rel}","templated":true}]}}