{"id":1043,"date":"2022-12-05T17:49:33","date_gmt":"2022-12-05T17:49:33","guid":{"rendered":"http:\/\/concretosdeacuna.com.previewc75.carrierzone.com\/?post_type=product&#038;p=1043"},"modified":"2022-12-05T17:51:57","modified_gmt":"2022-12-05T17:51:57","slug":"armado-y-colado-de-estructura","status":"publish","type":"product","link":"http:\/\/concretosdeacuna.com.previewc75.carrierzone.com\/?product=armado-y-colado-de-estructura","title":{"rendered":"Armado y colado de estructura"},"content":{"rendered":"<p>Es una construcci\u00f3n que vincula varios elementos entre s\u00ed, con el objetivo de darle resistencia a una edificaci\u00f3n. Dependiendo de las caracter\u00edsticas de la obra a construir, estos componentes pueden adoptar una gran variedad de formas.<\/p>\n","protected":false},"excerpt":{"rendered":"<p>Es una construcci\u00f3n que vincula varios elementos entre s\u00ed, con el objetivo de darle resistencia a una edificaci\u00f3n. Dependiendo de las caracter\u00edsticas de la obra a construir, estos componentes pueden adoptar una gran variedad de formas.<\/p>\n","protected":false},"featured_media":1044,"template":"","meta":[],"product_cat":[15,33,34],"product_tag":[],"aioseo_notices":[],"_links":{"self":[{"href":"http:\/\/concretosdeacuna.com.previewc75.carrierzone.com\/index.php?rest_route=\/wp\/v3\/product\/1043"}],"collection":[{"href":"http:\/\/concretosdeacuna.com.previewc75.carrierzone.com\/index.php?rest_route=\/wp\/v3\/product"}],"about":[{"href":"http:\/\/concretosdeacuna.com.previewc75.carrierzone.com\/index.php?rest_route=\/wp\/v2\/types\/product"}],"wp:featuredmedia":[{"embeddable":true,"href":"http:\/\/concretosdeacuna.com.previewc75.carrierzone.com\/index.php?rest_route=\/wp\/v2\/media\/1044"}],"wp:attachment":[{"href":"http:\/\/concretosdeacuna.com.previewc75.carrierzone.com\/index.php?rest_route=%2Fwp%2Fv2%2Fmedia&parent=1043"}],"wp:term":[{"taxonomy":"product_cat","embeddable":true,"href":"http:\/\/concretosdeacuna.com.previewc75.carrierzone.com\/index.php?rest_route=%2Fwp%2Fv2%2Fproduct_cat&post=1043"},{"taxonomy":"product_tag","embeddable":true,"href":"http:\/\/concretosdeacuna.com.previewc75.carrierzone.com\/index.php?rest_route=%2Fwp%2Fv2%2Fproduct_tag&post=1043"}],"curies":[{"name":"wp","href":"https:\/\/api.w.org\/{rel}","templated":true}]}}