{"id":1045,"date":"2022-12-05T17:54:23","date_gmt":"2022-12-05T17:54:23","guid":{"rendered":"http:\/\/concretosdeacuna.com.previewc75.carrierzone.com\/?post_type=product&#038;p=1045"},"modified":"2022-12-05T17:54:23","modified_gmt":"2022-12-05T17:54:23","slug":"puentes","status":"publish","type":"product","link":"http:\/\/concretosdeacuna.com.previewc75.carrierzone.com\/?product=puentes","title":{"rendered":"Puentes"},"content":{"rendered":"<p>Los puentes son estructuras destinada a salvar obst\u00e1culos naturales, como r\u00edos, valles, lagos o brazos de mar, y obst\u00e1culos artificiales, como v\u00edas f\u00e9rreas o carreteras, con el fin de poder transportar mercanc\u00edas, permitir la circulaci\u00f3n de las gentes y trasladar sustancias de un sitio a otro.<\/p>\n","protected":false},"excerpt":{"rendered":"<p>Los puentes son estructuras destinada a salvar obst\u00e1culos naturales, como r\u00edos, valles, lagos o brazos de mar, y obst\u00e1culos artificiales, como v\u00edas f\u00e9rreas o carreteras, con el fin de poder transportar mercanc\u00edas, permitir la circulaci\u00f3n de las gentes y trasladar sustancias de un sitio a otro.<\/p>\n","protected":false},"featured_media":1046,"template":"","meta":[],"product_cat":[15,34],"product_tag":[],"aioseo_notices":[],"_links":{"self":[{"href":"http:\/\/concretosdeacuna.com.previewc75.carrierzone.com\/index.php?rest_route=\/wp\/v3\/product\/1045"}],"collection":[{"href":"http:\/\/concretosdeacuna.com.previewc75.carrierzone.com\/index.php?rest_route=\/wp\/v3\/product"}],"about":[{"href":"http:\/\/concretosdeacuna.com.previewc75.carrierzone.com\/index.php?rest_route=\/wp\/v2\/types\/product"}],"wp:featuredmedia":[{"embeddable":true,"href":"http:\/\/concretosdeacuna.com.previewc75.carrierzone.com\/index.php?rest_route=\/wp\/v2\/media\/1046"}],"wp:attachment":[{"href":"http:\/\/concretosdeacuna.com.previewc75.carrierzone.com\/index.php?rest_route=%2Fwp%2Fv2%2Fmedia&parent=1045"}],"wp:term":[{"taxonomy":"product_cat","embeddable":true,"href":"http:\/\/concretosdeacuna.com.previewc75.carrierzone.com\/index.php?rest_route=%2Fwp%2Fv2%2Fproduct_cat&post=1045"},{"taxonomy":"product_tag","embeddable":true,"href":"http:\/\/concretosdeacuna.com.previewc75.carrierzone.com\/index.php?rest_route=%2Fwp%2Fv2%2Fproduct_tag&post=1045"}],"curies":[{"name":"wp","href":"https:\/\/api.w.org\/{rel}","templated":true}]}}