{"id":1047,"date":"2022-12-05T18:03:38","date_gmt":"2022-12-05T18:03:38","guid":{"rendered":"http:\/\/concretosdeacuna.com.previewc75.carrierzone.com\/?post_type=product&#038;p=1047"},"modified":"2022-12-05T18:03:38","modified_gmt":"2022-12-05T18:03:38","slug":"colectores-profundos","status":"publish","type":"product","link":"http:\/\/concretosdeacuna.com.previewc75.carrierzone.com\/?product=colectores-profundos","title":{"rendered":"Colectores Profundos"},"content":{"rendered":"<p>Es la tuber\u00eda que recoge las aguas residuales de las atarjeas. Puede terminar en un interceptor, en un emisor o en la planta de tratamiento. No es conveniente conectar los alba\u00f1ales (tuber\u00edas de 15 y 20 cm) directamente a un colector de di\u00e1metro mayor a 76 cm, debido a que un colector mayor a este di\u00e1metro generalmente va instalado profundo; en estos casos el dise\u00f1o debe prever atarjeas paralelas \u201cmadrinas\u201d a los colectores, en las que se conecten los alba\u00f1ales de esos di\u00e1metros, para luego conectarlas a un colector, mediante un pozo de visita.<\/p>\n","protected":false},"excerpt":{"rendered":"<p>Es la tuber\u00eda que recoge las aguas residuales de las atarjeas. Puede terminar en un interceptor, en un emisor o en la planta de tratamiento. No es conveniente conectar los alba\u00f1ales (tuber\u00edas de 15 y 20 cm) directamente a un colector de di\u00e1metro mayor a 76 cm, debido a que un colector mayor a este [&#8230;]\n","protected":false},"featured_media":1048,"template":"","meta":[],"product_cat":[15,35],"product_tag":[],"aioseo_notices":[],"_links":{"self":[{"href":"http:\/\/concretosdeacuna.com.previewc75.carrierzone.com\/index.php?rest_route=\/wp\/v3\/product\/1047"}],"collection":[{"href":"http:\/\/concretosdeacuna.com.previewc75.carrierzone.com\/index.php?rest_route=\/wp\/v3\/product"}],"about":[{"href":"http:\/\/concretosdeacuna.com.previewc75.carrierzone.com\/index.php?rest_route=\/wp\/v2\/types\/product"}],"wp:featuredmedia":[{"embeddable":true,"href":"http:\/\/concretosdeacuna.com.previewc75.carrierzone.com\/index.php?rest_route=\/wp\/v2\/media\/1048"}],"wp:attachment":[{"href":"http:\/\/concretosdeacuna.com.previewc75.carrierzone.com\/index.php?rest_route=%2Fwp%2Fv2%2Fmedia&parent=1047"}],"wp:term":[{"taxonomy":"product_cat","embeddable":true,"href":"http:\/\/concretosdeacuna.com.previewc75.carrierzone.com\/index.php?rest_route=%2Fwp%2Fv2%2Fproduct_cat&post=1047"},{"taxonomy":"product_tag","embeddable":true,"href":"http:\/\/concretosdeacuna.com.previewc75.carrierzone.com\/index.php?rest_route=%2Fwp%2Fv2%2Fproduct_tag&post=1047"}],"curies":[{"name":"wp","href":"https:\/\/api.w.org\/{rel}","templated":true}]}}