{"id":1049,"date":"2022-12-05T18:08:56","date_gmt":"2022-12-05T18:08:56","guid":{"rendered":"http:\/\/concretosdeacuna.com.previewc75.carrierzone.com\/?post_type=product&#038;p=1049"},"modified":"2022-12-05T18:08:58","modified_gmt":"2022-12-05T18:08:58","slug":"red-de-drenaje-y-agua-potable","status":"publish","type":"product","link":"http:\/\/concretosdeacuna.com.previewc75.carrierzone.com\/?product=red-de-drenaje-y-agua-potable","title":{"rendered":"Red de Drenaje y Agua Potable"},"content":{"rendered":"<p>Un sistema de alcantarillado consiste en una serie de tuber\u00edas y obras complementarias, necesarias para recibir, conducir, ventilar y evacuar las aguas residuales de la poblaci\u00f3n. De no existir estas redes de recolecci\u00f3n de agua, se pondr\u00eda en grave peligro la salud de las personas debido al riesgo de enfermedades epidemiol\u00f3gicas y, adem\u00e1s, se causar\u00edan importantes p\u00e9rdidas materiales.<\/p>\n","protected":false},"excerpt":{"rendered":"<p>Un sistema de alcantarillado consiste en una serie de tuber\u00edas y obras complementarias, necesarias para recibir, conducir, ventilar y evacuar las aguas residuales de la poblaci\u00f3n. De no existir estas redes de recolecci\u00f3n de agua, se pondr\u00eda en grave peligro la salud de las personas debido al riesgo de enfermedades epidemiol\u00f3gicas y, adem\u00e1s, se causar\u00edan [&#8230;]\n","protected":false},"featured_media":1050,"template":"","meta":[],"product_cat":[15,35],"product_tag":[],"aioseo_notices":[],"_links":{"self":[{"href":"http:\/\/concretosdeacuna.com.previewc75.carrierzone.com\/index.php?rest_route=\/wp\/v3\/product\/1049"}],"collection":[{"href":"http:\/\/concretosdeacuna.com.previewc75.carrierzone.com\/index.php?rest_route=\/wp\/v3\/product"}],"about":[{"href":"http:\/\/concretosdeacuna.com.previewc75.carrierzone.com\/index.php?rest_route=\/wp\/v2\/types\/product"}],"wp:featuredmedia":[{"embeddable":true,"href":"http:\/\/concretosdeacuna.com.previewc75.carrierzone.com\/index.php?rest_route=\/wp\/v2\/media\/1050"}],"wp:attachment":[{"href":"http:\/\/concretosdeacuna.com.previewc75.carrierzone.com\/index.php?rest_route=%2Fwp%2Fv2%2Fmedia&parent=1049"}],"wp:term":[{"taxonomy":"product_cat","embeddable":true,"href":"http:\/\/concretosdeacuna.com.previewc75.carrierzone.com\/index.php?rest_route=%2Fwp%2Fv2%2Fproduct_cat&post=1049"},{"taxonomy":"product_tag","embeddable":true,"href":"http:\/\/concretosdeacuna.com.previewc75.carrierzone.com\/index.php?rest_route=%2Fwp%2Fv2%2Fproduct_tag&post=1049"}],"curies":[{"name":"wp","href":"https:\/\/api.w.org\/{rel}","templated":true}]}}