{"id":1055,"date":"2022-12-05T18:31:04","date_gmt":"2022-12-05T18:31:04","guid":{"rendered":"http:\/\/concretosdeacuna.com.previewc75.carrierzone.com\/?post_type=product&#038;p=1055"},"modified":"2022-12-05T18:50:49","modified_gmt":"2022-12-05T18:50:49","slug":"dif-municipal","status":"publish","type":"product","link":"http:\/\/concretosdeacuna.com.previewc75.carrierzone.com\/?product=dif-municipal","title":{"rendered":"Construcci\u00f3n de Edificios P\u00fablicos"},"content":{"rendered":"<p>Construcci\u00f3n de DIF , Gimnasio Municipal y Centro de Salud.<\/p>\n<p>Espacios de esparcimiento para las familias del municipio.<\/p>\n","protected":false},"excerpt":{"rendered":"<p>Construcci\u00f3n de DIF , Gimnasio Municipal y Centro de Salud. Espacios de esparcimiento para las familias del municipio.<\/p>\n","protected":false},"featured_media":1056,"template":"","meta":[],"product_cat":[15,36],"product_tag":[],"aioseo_notices":[],"_links":{"self":[{"href":"http:\/\/concretosdeacuna.com.previewc75.carrierzone.com\/index.php?rest_route=\/wp\/v3\/product\/1055"}],"collection":[{"href":"http:\/\/concretosdeacuna.com.previewc75.carrierzone.com\/index.php?rest_route=\/wp\/v3\/product"}],"about":[{"href":"http:\/\/concretosdeacuna.com.previewc75.carrierzone.com\/index.php?rest_route=\/wp\/v2\/types\/product"}],"wp:featuredmedia":[{"embeddable":true,"href":"http:\/\/concretosdeacuna.com.previewc75.carrierzone.com\/index.php?rest_route=\/wp\/v2\/media\/1056"}],"wp:attachment":[{"href":"http:\/\/concretosdeacuna.com.previewc75.carrierzone.com\/index.php?rest_route=%2Fwp%2Fv2%2Fmedia&parent=1055"}],"wp:term":[{"taxonomy":"product_cat","embeddable":true,"href":"http:\/\/concretosdeacuna.com.previewc75.carrierzone.com\/index.php?rest_route=%2Fwp%2Fv2%2Fproduct_cat&post=1055"},{"taxonomy":"product_tag","embeddable":true,"href":"http:\/\/concretosdeacuna.com.previewc75.carrierzone.com\/index.php?rest_route=%2Fwp%2Fv2%2Fproduct_tag&post=1055"}],"curies":[{"name":"wp","href":"https:\/\/api.w.org\/{rel}","templated":true}]}}