{"id":1062,"date":"2022-12-05T18:45:05","date_gmt":"2022-12-05T18:45:05","guid":{"rendered":"http:\/\/concretosdeacuna.com.previewc75.carrierzone.com\/?post_type=product&#038;p=1062"},"modified":"2022-12-05T19:05:44","modified_gmt":"2022-12-05T19:05:44","slug":"macroplaza","status":"publish","type":"product","link":"http:\/\/concretosdeacuna.com.previewc75.carrierzone.com\/?product=macroplaza","title":{"rendered":"Construcci\u00f3n y Ampliaci\u00f3n de Naves Industriales"},"content":{"rendered":"<p>Construcciones para el beneficio de una industria, en ellas se realizan actividades de almacenaje, producci\u00f3n, manufactura, distribuci\u00f3n, en otras. No tienen apoyos intermedios ya que de esta manera la operaci\u00f3n no tienen obst\u00e1culos ni restricciones, facilitando la manera de trabajar.<\/p>\n","protected":false},"excerpt":{"rendered":"<p>Construcciones para el beneficio de una industria, en ellas se realizan actividades de almacenaje, producci\u00f3n, manufactura, distribuci\u00f3n, en otras. No tienen apoyos intermedios ya que de esta manera la operaci\u00f3n no tienen obst\u00e1culos ni restricciones, facilitando la manera de trabajar.<\/p>\n","protected":false},"featured_media":1077,"template":"","meta":[],"product_cat":[15,37],"product_tag":[],"aioseo_notices":[],"_links":{"self":[{"href":"http:\/\/concretosdeacuna.com.previewc75.carrierzone.com\/index.php?rest_route=\/wp\/v3\/product\/1062"}],"collection":[{"href":"http:\/\/concretosdeacuna.com.previewc75.carrierzone.com\/index.php?rest_route=\/wp\/v3\/product"}],"about":[{"href":"http:\/\/concretosdeacuna.com.previewc75.carrierzone.com\/index.php?rest_route=\/wp\/v2\/types\/product"}],"wp:featuredmedia":[{"embeddable":true,"href":"http:\/\/concretosdeacuna.com.previewc75.carrierzone.com\/index.php?rest_route=\/wp\/v2\/media\/1077"}],"wp:attachment":[{"href":"http:\/\/concretosdeacuna.com.previewc75.carrierzone.com\/index.php?rest_route=%2Fwp%2Fv2%2Fmedia&parent=1062"}],"wp:term":[{"taxonomy":"product_cat","embeddable":true,"href":"http:\/\/concretosdeacuna.com.previewc75.carrierzone.com\/index.php?rest_route=%2Fwp%2Fv2%2Fproduct_cat&post=1062"},{"taxonomy":"product_tag","embeddable":true,"href":"http:\/\/concretosdeacuna.com.previewc75.carrierzone.com\/index.php?rest_route=%2Fwp%2Fv2%2Fproduct_tag&post=1062"}],"curies":[{"name":"wp","href":"https:\/\/api.w.org\/{rel}","templated":true}]}}