{"id":1089,"date":"2022-12-05T19:15:27","date_gmt":"2022-12-05T19:15:27","guid":{"rendered":"http:\/\/concretosdeacuna.com.previewc75.carrierzone.com\/?post_type=product&#038;p=1089"},"modified":"2022-12-05T19:15:58","modified_gmt":"2022-12-05T19:15:58","slug":"obras-de-canal-pluvial","status":"publish","type":"product","link":"http:\/\/concretosdeacuna.com.previewc75.carrierzone.com\/?product=obras-de-canal-pluvial","title":{"rendered":"Obras de Canal Pluvial"},"content":{"rendered":"<div role=\"heading\" aria-level=\"4\">\n<div class=\"dnXCYb\" tabindex=\"0\" role=\"button\" aria-controls=\"_AEOOY5f3Abu2qtsPqZmL4As_66\" aria-expanded=\"true\" data-hveid=\"CBoQAQ\">\n<div class=\"L3Ezfd\" data-ved=\"2ahUKEwiX99zul-P7AhU7m2oFHanMArwQuk56BAgaEAI\">Es el sistema o red que recolecta y conduce las aguas <b>pluviales<\/b>\u00a0que escurren en su gran mayor\u00eda sobre la ciudad y zona metropolitana, disponi\u00e9ndolas en estructuras de infiltraci\u00f3n, filtraci\u00f3n, retenci\u00f3n, detenci\u00f3n y\/o conduci\u00e9ndolas mediante\u00a0<b>canales<\/b> o tuber\u00edas hasta descargar a los cuerpos de agua naturales existentes.<\/div>\n<\/div>\n<\/div>\n","protected":false},"excerpt":{"rendered":"<p>Es el sistema o red que recolecta y conduce las aguas pluviales\u00a0que escurren en su gran mayor\u00eda sobre la ciudad y zona metropolitana, disponi\u00e9ndolas en estructuras de infiltraci\u00f3n, filtraci\u00f3n, retenci\u00f3n, detenci\u00f3n y\/o conduci\u00e9ndolas mediante\u00a0canales o tuber\u00edas hasta descargar a los cuerpos de agua naturales existentes.<\/p>\n","protected":false},"featured_media":1090,"template":"","meta":[],"product_cat":[15,38],"product_tag":[],"aioseo_notices":[],"_links":{"self":[{"href":"http:\/\/concretosdeacuna.com.previewc75.carrierzone.com\/index.php?rest_route=\/wp\/v3\/product\/1089"}],"collection":[{"href":"http:\/\/concretosdeacuna.com.previewc75.carrierzone.com\/index.php?rest_route=\/wp\/v3\/product"}],"about":[{"href":"http:\/\/concretosdeacuna.com.previewc75.carrierzone.com\/index.php?rest_route=\/wp\/v2\/types\/product"}],"wp:featuredmedia":[{"embeddable":true,"href":"http:\/\/concretosdeacuna.com.previewc75.carrierzone.com\/index.php?rest_route=\/wp\/v2\/media\/1090"}],"wp:attachment":[{"href":"http:\/\/concretosdeacuna.com.previewc75.carrierzone.com\/index.php?rest_route=%2Fwp%2Fv2%2Fmedia&parent=1089"}],"wp:term":[{"taxonomy":"product_cat","embeddable":true,"href":"http:\/\/concretosdeacuna.com.previewc75.carrierzone.com\/index.php?rest_route=%2Fwp%2Fv2%2Fproduct_cat&post=1089"},{"taxonomy":"product_tag","embeddable":true,"href":"http:\/\/concretosdeacuna.com.previewc75.carrierzone.com\/index.php?rest_route=%2Fwp%2Fv2%2Fproduct_tag&post=1089"}],"curies":[{"name":"wp","href":"https:\/\/api.w.org\/{rel}","templated":true}]}}